{"id":1575,"date":"2019-09-24T15:07:13","date_gmt":"2019-09-24T13:07:13","guid":{"rendered":"http:\/\/www.camping-lacailletiere.com\/info-contact\/"},"modified":"2019-09-26T16:24:03","modified_gmt":"2019-09-26T14:24:03","slug":"info-contact","status":"publish","type":"page","link":"https:\/\/www.camping-lacailletiere.com\/en\/info-contact\/","title":{"rendered":"Information and Contact"},"content":{"rendered":"","protected":false},"excerpt":{"rendered":"","protected":false},"author":1,"featured_media":3450,"parent":0,"menu_order":0,"comment_status":"closed","ping_status":"closed","template":"","meta":{"footnotes":""},"class_list":["post-1575","page","type-page","status-publish","has-post-thumbnail","hentry"],"yoast_head":"<!-- This site is optimized with the Yoast SEO plugin v25.3 - https:\/\/yoast.com\/wordpress\/plugins\/seo\/ -->\n<title>How to Get to the Ile d\u2019Ol\u00e9ron | Information on La Cailleti\u00e8re Campsite<\/title>\n<meta name=\"description\" content=\"Our 3-star La Cailleti\u00e8re campsite in Dolus-d\u2019Ol\u00e9ron is in a perfect location at the center of the island.\" \/>\n<meta name=\"robots\" content=\"index, follow, max-snippet:-1, max-image-preview:large, max-video-preview:-1\" \/>\n<link rel=\"canonical\" href=\"https:\/\/www.camping-lacailletiere.com\/en\/info-contact\/\" \/>\n<meta property=\"og:locale\" content=\"en_US\" \/>\n<meta property=\"og:type\" content=\"article\" \/>\n<meta property=\"og:title\" content=\"How to Get to the Ile d\u2019Ol\u00e9ron | Information on La Cailleti\u00e8re Campsite\" \/>\n<meta property=\"og:description\" content=\"Our 3-star La Cailleti\u00e8re campsite in Dolus-d\u2019Ol\u00e9ron is in a perfect location at the center of the island.\" \/>\n<meta property=\"og:url\" content=\"https:\/\/www.camping-lacailletiere.com\/en\/info-contact\/\" \/>\n<meta property=\"og:site_name\" content=\"Campsite la Cailletiere\" \/>\n<meta property=\"article:modified_time\" content=\"2019-09-26T14:24:03+00:00\" \/>\n<meta property=\"og:image\" content=\"https:\/\/www.camping-lacailletiere.com\/wp-content\/uploads\/2019\/07\/comment-venir-au-camping-la-cailletiere.jpg\" \/>\n\t<meta property=\"og:image:width\" content=\"1600\" \/>\n\t<meta property=\"og:image:height\" content=\"400\" \/>\n\t<meta property=\"og:image:type\" content=\"image\/jpeg\" \/>\n<meta name=\"twitter:card\" content=\"summary_large_image\" \/>\n<script type=\"application\/ld+json\" class=\"yoast-schema-graph\">{\"@context\":\"https:\/\/schema.org\",\"@graph\":[{\"@type\":\"WebPage\",\"@id\":\"https:\/\/www.camping-lacailletiere.com\/en\/info-contact\/\",\"url\":\"https:\/\/www.camping-lacailletiere.com\/en\/info-contact\/\",\"name\":\"How to Get to the Ile d\u2019Ol\u00e9ron | Information on La Cailleti\u00e8re Campsite\",\"isPartOf\":{\"@id\":\"https:\/\/www.camping-lacailletiere.com\/en\/#website\"},\"primaryImageOfPage\":{\"@id\":\"https:\/\/www.camping-lacailletiere.com\/en\/info-contact\/#primaryimage\"},\"image\":{\"@id\":\"https:\/\/www.camping-lacailletiere.com\/en\/info-contact\/#primaryimage\"},\"thumbnailUrl\":\"https:\/\/www.camping-lacailletiere.com\/wp-content\/uploads\/2023\/03\/camping-plan-ile-oleron.jpg\",\"datePublished\":\"2019-09-24T13:07:13+00:00\",\"dateModified\":\"2019-09-26T14:24:03+00:00\",\"description\":\"Our 3-star La Cailleti\u00e8re campsite in Dolus-d\u2019Ol\u00e9ron is in a perfect location at the center of the island.\",\"breadcrumb\":{\"@id\":\"https:\/\/www.camping-lacailletiere.com\/en\/info-contact\/#breadcrumb\"},\"inLanguage\":\"en-US\",\"potentialAction\":[{\"@type\":\"ReadAction\",\"target\":[\"https:\/\/www.camping-lacailletiere.com\/en\/info-contact\/\"]}]},{\"@type\":\"ImageObject\",\"inLanguage\":\"en-US\",\"@id\":\"https:\/\/www.camping-lacailletiere.com\/en\/info-contact\/#primaryimage\",\"url\":\"https:\/\/www.camping-lacailletiere.com\/wp-content\/uploads\/2023\/03\/camping-plan-ile-oleron.jpg\",\"contentUrl\":\"https:\/\/www.camping-lacailletiere.com\/wp-content\/uploads\/2023\/03\/camping-plan-ile-oleron.jpg\",\"width\":1600,\"height\":400,\"caption\":\"camping plan ile oleron\"},{\"@type\":\"BreadcrumbList\",\"@id\":\"https:\/\/www.camping-lacailletiere.com\/en\/info-contact\/#breadcrumb\",\"itemListElement\":[{\"@type\":\"ListItem\",\"position\":1,\"name\":\"Campsite \u00cele d'Ol\u00e9ron\",\"item\":\"https:\/\/www.camping-lacailletiere.com\/en\/\"},{\"@type\":\"ListItem\",\"position\":2,\"name\":\"Information and contact\"}]},{\"@type\":\"WebSite\",\"@id\":\"https:\/\/www.camping-lacailletiere.com\/en\/#website\",\"url\":\"https:\/\/www.camping-lacailletiere.com\/en\/\",\"name\":\"Campsite la Cailletiere\",\"description\":\"\",\"potentialAction\":[{\"@type\":\"SearchAction\",\"target\":{\"@type\":\"EntryPoint\",\"urlTemplate\":\"https:\/\/www.camping-lacailletiere.com\/en\/?s={search_term_string}\"},\"query-input\":{\"@type\":\"PropertyValueSpecification\",\"valueRequired\":true,\"valueName\":\"search_term_string\"}}],\"inLanguage\":\"en-US\"}]}<\/script>\n<!-- \/ Yoast SEO plugin. -->","yoast_head_json":{"title":"How to Get to the Ile d\u2019Ol\u00e9ron | Information on La Cailleti\u00e8re Campsite","description":"Our 3-star La Cailleti\u00e8re campsite in Dolus-d\u2019Ol\u00e9ron is in a perfect location at the center of the island.","robots":{"index":"index","follow":"follow","max-snippet":"max-snippet:-1","max-image-preview":"max-image-preview:large","max-video-preview":"max-video-preview:-1"},"canonical":"https:\/\/www.camping-lacailletiere.com\/en\/info-contact\/","og_locale":"en_US","og_type":"article","og_title":"How to Get to the Ile d\u2019Ol\u00e9ron | Information on La Cailleti\u00e8re Campsite","og_description":"Our 3-star La Cailleti\u00e8re campsite in Dolus-d\u2019Ol\u00e9ron is in a perfect location at the center of the island.","og_url":"https:\/\/www.camping-lacailletiere.com\/en\/info-contact\/","og_site_name":"Campsite la Cailletiere","article_modified_time":"2019-09-26T14:24:03+00:00","og_image":[{"width":1600,"height":400,"url":"https:\/\/www.camping-lacailletiere.com\/wp-content\/uploads\/2019\/07\/comment-venir-au-camping-la-cailletiere.jpg","type":"image\/jpeg"}],"twitter_card":"summary_large_image","schema":{"@context":"https:\/\/schema.org","@graph":[{"@type":"WebPage","@id":"https:\/\/www.camping-lacailletiere.com\/en\/info-contact\/","url":"https:\/\/www.camping-lacailletiere.com\/en\/info-contact\/","name":"How to Get to the Ile d\u2019Ol\u00e9ron | Information on La Cailleti\u00e8re Campsite","isPartOf":{"@id":"https:\/\/www.camping-lacailletiere.com\/en\/#website"},"primaryImageOfPage":{"@id":"https:\/\/www.camping-lacailletiere.com\/en\/info-contact\/#primaryimage"},"image":{"@id":"https:\/\/www.camping-lacailletiere.com\/en\/info-contact\/#primaryimage"},"thumbnailUrl":"https:\/\/www.camping-lacailletiere.com\/wp-content\/uploads\/2023\/03\/camping-plan-ile-oleron.jpg","datePublished":"2019-09-24T13:07:13+00:00","dateModified":"2019-09-26T14:24:03+00:00","description":"Our 3-star La Cailleti\u00e8re campsite in Dolus-d\u2019Ol\u00e9ron is in a perfect location at the center of the island.","breadcrumb":{"@id":"https:\/\/www.camping-lacailletiere.com\/en\/info-contact\/#breadcrumb"},"inLanguage":"en-US","potentialAction":[{"@type":"ReadAction","target":["https:\/\/www.camping-lacailletiere.com\/en\/info-contact\/"]}]},{"@type":"ImageObject","inLanguage":"en-US","@id":"https:\/\/www.camping-lacailletiere.com\/en\/info-contact\/#primaryimage","url":"https:\/\/www.camping-lacailletiere.com\/wp-content\/uploads\/2023\/03\/camping-plan-ile-oleron.jpg","contentUrl":"https:\/\/www.camping-lacailletiere.com\/wp-content\/uploads\/2023\/03\/camping-plan-ile-oleron.jpg","width":1600,"height":400,"caption":"camping plan ile oleron"},{"@type":"BreadcrumbList","@id":"https:\/\/www.camping-lacailletiere.com\/en\/info-contact\/#breadcrumb","itemListElement":[{"@type":"ListItem","position":1,"name":"Campsite \u00cele d'Ol\u00e9ron","item":"https:\/\/www.camping-lacailletiere.com\/en\/"},{"@type":"ListItem","position":2,"name":"Information and contact"}]},{"@type":"WebSite","@id":"https:\/\/www.camping-lacailletiere.com\/en\/#website","url":"https:\/\/www.camping-lacailletiere.com\/en\/","name":"Campsite la Cailletiere","description":"","potentialAction":[{"@type":"SearchAction","target":{"@type":"EntryPoint","urlTemplate":"https:\/\/www.camping-lacailletiere.com\/en\/?s={search_term_string}"},"query-input":{"@type":"PropertyValueSpecification","valueRequired":true,"valueName":"search_term_string"}}],"inLanguage":"en-US"}]}},"_links":{"self":[{"href":"https:\/\/www.camping-lacailletiere.com\/en\/wp-json\/wp\/v2\/pages\/1575"}],"collection":[{"href":"https:\/\/www.camping-lacailletiere.com\/en\/wp-json\/wp\/v2\/pages"}],"about":[{"href":"https:\/\/www.camping-lacailletiere.com\/en\/wp-json\/wp\/v2\/types\/page"}],"author":[{"embeddable":true,"href":"https:\/\/www.camping-lacailletiere.com\/en\/wp-json\/wp\/v2\/users\/1"}],"replies":[{"embeddable":true,"href":"https:\/\/www.camping-lacailletiere.com\/en\/wp-json\/wp\/v2\/comments?post=1575"}],"version-history":[{"count":2,"href":"https:\/\/www.camping-lacailletiere.com\/en\/wp-json\/wp\/v2\/pages\/1575\/revisions"}],"predecessor-version":[{"id":1657,"href":"https:\/\/www.camping-lacailletiere.com\/en\/wp-json\/wp\/v2\/pages\/1575\/revisions\/1657"}],"wp:featuredmedia":[{"embeddable":true,"href":"https:\/\/www.camping-lacailletiere.com\/en\/wp-json\/wp\/v2\/media\/3450"}],"wp:attachment":[{"href":"https:\/\/www.camping-lacailletiere.com\/en\/wp-json\/wp\/v2\/media?parent=1575"}],"curies":[{"name":"wp","href":"https:\/\/api.w.org\/{rel}","templated":true}]}}